{"id":41304,"date":"2025-12-09T13:26:54","date_gmt":"2025-12-09T13:26:54","guid":{"rendered":"https:\/\/indogenmed.org\/product\/tenvir-em-tablets\/"},"modified":"2026-04-03T11:07:54","modified_gmt":"2026-04-03T11:07:54","slug":"tenvir-em-fr","status":"publish","type":"product","link":"https:\/\/indogenmed.org\/fr\/produit\/tenvir-em-fr\/","title":{"rendered":"Comprim\u00e9s Tenvir EM"},"content":{"rendered":"<h2>Comprim\u00e9s Tenvir EM<\/h2>\n<p>Tenvir-EM, fabriqu\u00e9 par Cipla Pharmaceuticals Ltd., appartient \u00e0 un groupe de m\u00e9dicaments appel\u00e9s antir\u00e9troviraux, utilis\u00e9s efficacement pour traiter le VIH (virus de l&rsquo;immunod\u00e9ficience humaine), la cause principale du SIDA. Il aide \u00e0 contr\u00f4ler l&rsquo;infection par le VIH, r\u00e9duisant l&rsquo;impact du virus et permettant au syst\u00e8me immunitaire de fonctionner plus efficacement. De plus, il aide \u00e0 pr\u00e9venir l&rsquo;infection par le VIH chez la majorit\u00e9 des personnes tr\u00e8s expos\u00e9es au risque. Vous pouvez prendre ce m\u00e9dicament seul ou en association avec d&rsquo;autres m\u00e9dicaments contre le VIH.<\/p>\n<h2>Principaux avantages de Tenvir-EM<\/h2>\n<p>Voici quelques-uns des principaux avantages de Tenvir-EM :<\/p>\n<ul>\n<li>Tenvir-EM est une combinaison d&#8217;emtricitabine, de t\u00e9nofovir et de fumarate de disoproxil qui supprime la r\u00e9plication du VIH, ralentissant la progression de la maladie et aidant \u00e0 maintenir un syst\u00e8me immunitaire plus fort.<\/li>\n<li>Le comprim\u00e9 Tenvir-EM emp\u00eache la propagation du VIH dans le corps, permettant au syst\u00e8me immunitaire de fonctionner plus efficacement.<\/li>\n<li>En r\u00e9duisant la charge virale, Tenvir-EM diminue les chances d&rsquo;acqu\u00e9rir des infections suppl\u00e9mentaires, am\u00e9liorant ainsi la sant\u00e9 globale et la qualit\u00e9 de vie.<\/li>\n<li>Prendre la bonne posologie de Tenvir-EM augmente l&rsquo;efficacit\u00e9 de la combinaison de m\u00e9dicaments et r\u00e9duit les chances d&rsquo;\u00eatre infect\u00e9 par le VIH. Cependant, il ne pr\u00e9vient pas la transmission du VIH \u00e0 d&rsquo;autres personnes.<\/li>\n<li>En diminuant la charge virale et en augmentant le nombre de cellules CD4, Tenvir-EM renforce la r\u00e9ponse immunitaire, aidant le corps \u00e0 mieux combattre les infections.<\/li>\n<\/ul>\n<h2>Comment fonctionne Tenvir-EM ?<\/h2>\n<p>Le m\u00e9dicament Tenvir-EM est une combinaison de deux substances diff\u00e9rentes, l&#8217;emtricitabine et le fumarate de t\u00e9nofovir disoproxil. L&#8217;emtricitabine appartient \u00e0 la classe des inhibiteurs nucl\u00e9osidiques de la transcriptase inverse, et le fumarate de t\u00e9nofovir disoproxil est class\u00e9 comme un inhibiteur nucl\u00e9otidique de la transcriptase inverse. Le comprim\u00e9 Tenvir-EM interf\u00e8re avec le fonctionnement des enzymes transcriptases inverses nucl\u00e9otidiques et nucl\u00e9osidiques, qui jouent un r\u00f4le important dans la reproduction du virus.<\/p>\n<p>Le comprim\u00e9 aide \u00e0 traiter l&rsquo;infection par le VIH et \u00e0 pr\u00e9venir la propagation du virus.<\/p>\n<h2>Posologie et administration de Tenvir-EM<\/h2>\n<p>La posologie de Tenvir-EM varie en fonction des conditions m\u00e9dicales individuelles. Il est essentiel de consulter votre m\u00e9decin avant de prendre ce m\u00e9dicament et de suivre strictement les instructions prescrites. Ne modifiez pas votre posologie sans avis m\u00e9dical. La quantit\u00e9 de m\u00e9dicament que vous prenez d\u00e9pend enti\u00e8rement de sa puissance. De plus, la posologie quotidienne requise, l&rsquo;intervalle entre les doses et la dur\u00e9e pendant laquelle vous devez prendre le m\u00e9dicament sont tous d\u00e9termin\u00e9s par la condition m\u00e9dicale sp\u00e9cifique que vous traitez.<\/p>\n<h3>Pour la posologie orale (comprim\u00e9s)<\/h3>\n<h3>Pour le traitement de l&rsquo;infection par le VIH<\/h3>\n<p>Chaque comprim\u00e9 de Tenvir-EM contient 200 mg d&#8217;emtricitabine et 300 mg de t\u00e9nofovir. Il est recommand\u00e9 pour les adultes et les enfants pesant 35 kilogrammes ou plus.<br \/>\nLes enfants pesant de 17 kg \u00e0 35 kg qui sont capables d&rsquo;avaler un comprim\u00e9 entier doivent suivre les prescriptions du m\u00e9decin :<\/p>\n<ul>\n<li>28\u201335 kg : Un comprim\u00e9 par jour (167 mg d&#8217;emtricitabine, 250 mg de t\u00e9nofovir).<\/li>\n<li>22\u2013&lt;28 kg : Un comprim\u00e9 par jour (133 mg d&#8217;emtricitabine, 200 mg de t\u00e9nofovir).<\/li>\n<li>17\u2013&lt;22 kg : Un comprim\u00e9 par jour (100 mg d&#8217;emtricitabine, 150 mg de t\u00e9nofovir).<\/li>\n<li>&lt;17 kg : Posologie selon la prescription du m\u00e9decin.<\/li>\n<\/ul>\n<h3>Pour la pr\u00e9vention de l&rsquo;infection par le VIH (prophylaxie pr\u00e9-exposition)<\/h3>\n<ul>\n<li>Adultes et enfants (35 kg) : Un comprim\u00e9 par jour (200 mg d&#8217;emtricitabine, 300 mg de t\u00e9nofovir).<\/li>\n<li>Enfants (&lt;35 kg) : La posologie doit \u00eatre d\u00e9termin\u00e9e par un professionnel de la sant\u00e9.<\/li>\n<\/ul>\n<h3>Dose oubli\u00e9e<\/h3>\n<p>Assurez-vous de ne pas oublier la posologie du comprim\u00e9 Tenvir-EM. Si vous oubliez une dose, prenez-la d\u00e8s que vous vous en souvenez. Cependant, si l&rsquo;heure de la prochaine dose est proche, choisissez de sauter la dose oubli\u00e9e. Ne doublez pas la dose pour compenser la dose oubli\u00e9e.<\/p>\n<h3>Surdosage<\/h3>\n<p>Ne consommez pas plus que la posologie prescrite du comprim\u00e9 Tenvir-EM. En cas de surdosage, consultez imm\u00e9diatement votre m\u00e9decin.<\/p>\n<h2>Points forts et substituts de Tenvir-EM<\/h2>\n<p>Tenvir-EM est un m\u00e9dicament sur ordonnance combinant l&#8217;emtricitabine (200 mg) et le fumarate de t\u00e9nofovir disoproxil (300 mg), tr\u00e8s efficace pour g\u00e9rer la propagation des infections par le VIH-1 et pr\u00e9venir la transmission de cette infection. Prendre la bonne posologie de ce m\u00e9dicament r\u00e9duit les chances d&rsquo;apparition du VIH chez les personnes \u00e0 haut risque. Le m\u00e9dicament a des effets secondaires minimes, ce qui en fait un choix populaire. De plus, il am\u00e9liore \u00e9galement le syst\u00e8me immunitaire.<br \/>\nVoici quelques-uns des substituts courants du m\u00e9dicament Tenvir-EM :<\/p>\n<ul>\n<li>Tenof EM Tablet<\/li>\n<li>Truvada 200mg<\/li>\n<li>Ricovir EM 200mg<\/li>\n<li>Tavin EM Tablet<\/li>\n<li>Tentide EM Tablet<\/li>\n<\/ul>\n<h2>Effets secondaires de Tenvir-EM<\/h2>\n<p>Comme d&rsquo;autres m\u00e9dicaments, Tenvir-EM a plusieurs effets secondaires. Voici quelques-uns des effets secondaires majeurs et mineurs du comprim\u00e9 Tenvir-EM :<\/p>\n<ul>\n<li>Fi\u00e8vre ou frissons<\/li>\n<li>Douleur thoracique<\/li>\n<li>Vertiges<\/li>\n<li>Diarrh\u00e9e<\/li>\n<li>Maux de t\u00eate<\/li>\n<li>Naus\u00e9es<\/li>\n<li>Douleur abdominale<\/li>\n<li>Douleur articulaire<\/li>\n<li>Perte de poids rapide<\/li>\n<li>\u00c9ruption cutan\u00e9e<\/li>\n<li>D\u00e9mangeaisons<\/li>\n<li>Gaz intestinaux<\/li>\n<li>Acidose lactique<br \/>\nCompte tenu de ces effets secondaires, achetez Tenvir-EM aupr\u00e8s d&rsquo;une pharmacie de confiance telle qu&rsquo;Indogenmed apr\u00e8s avoir consult\u00e9 votre professionnel de la sant\u00e9.<\/li>\n<\/ul>\n<h2>S\u00e9curit\u00e9 et pr\u00e9cautions d&#8217;emploi de Tenvir-EM<\/h2>\n<p>Voici une liste d\u00e9taill\u00e9e des pr\u00e9cautions de s\u00e9curit\u00e9 de Tenvir-EM que vous devez suivre avant de le prendre :<\/p>\n<ul>\n<li>Il n&rsquo;est pas s\u00fbr de consommer de l&rsquo;alcool pendant la prise d&rsquo;un comprim\u00e9 de Tenvir-EM. Assurez-vous de consulter votre professionnel de la sant\u00e9 avant utilisation.<\/li>\n<li>Tenvir-EM n&rsquo;est pas s\u00fbr \u00e0 utiliser pendant l&rsquo;allaitement. Une \u00e9tude r\u00e9cente r\u00e9v\u00e8le que le m\u00e9dicament pourrait provoquer des r\u00e9actions toxiques chez le b\u00e9b\u00e9.<\/li>\n<li>Pendant la prise de Tenvir-EM, vous pourriez ressentir une diminution de la vigilance, une alt\u00e9ration visuelle et des sensations de vertige ou de somnolence. Si vous rencontrez ces sympt\u00f4mes, \u00e9vitez de conduire.<\/li>\n<li>Prenez le comprim\u00e9 Tenvir-EM avec prudence si vous avez une maladie r\u00e9nale existante. Ajustez la dose du comprim\u00e9 si n\u00e9cessaire. Assurez-vous d&rsquo;informer votre m\u00e9decin de toutes vos conditions de sant\u00e9 pr\u00e9existantes.<\/li>\n<li>Tenvir-EM est g\u00e9n\u00e9ralement s\u00fbr \u00e0 utiliser chez les patients atteints de maladie h\u00e9patique, et aucun ajustement de la posologie n&rsquo;est n\u00e9cessaire chez ces patients.<\/li>\n<li>Assurez-vous de consulter votre professionnel de la sant\u00e9 avant de commencer \u00e0 prendre le m\u00e9dicament Tenvir-EM.<\/li>\n<li>Suivez la posologie prescrite et achetez Tenvir-EM en ligne, en surveillant ses effets secondaires.<\/li>\n<\/ul>\n<h2>Avertissement<\/h2>\n<p>Ces informations sont uniquement \u00e0 des fins \u00e9ducatives. Consultez toujours un m\u00e9decin avant de commencer ou de modifier les posologies de m\u00e9dicaments selon vos besoins.<\/p>\n<h2>R\u00e9f\u00e9rences<\/h2>\n<p><a href=\"https:\/\/www.webmd.com\/drugs\/2\/drug-22107-6330\/tenofovir-disoproxil-fumarate-oral\/tenofovir-oral\/details\" rel=\"nofollow noopener\" target=\"_blank\">https:\/\/www.webmd.com\/drugs\/2\/drug-22107-6330\/tenofovir-disoproxil-fumarate-oral\/tenofovir-oral\/details<\/a><br \/>\n<a href=\"https:\/\/www.indianjournals.com\/ijor.aspx?target=ijor:rjpt&amp;volume=17&amp;issue=5&amp;article=047\" rel=\"nofollow noopener\" target=\"_blank\">https:\/\/www.indianjournals.com\/ijor.aspx?target=ijor:rjpt&amp;volume=17&amp;issue=5&amp;article=047<\/a><br \/>\n<a href=\"https:\/\/journals.plos.org\/plosone\/article?id=10.1371\/journal.pone.0182838\" rel=\"nofollow noopener\" target=\"_blank\">https:\/\/journals.plos.org\/plosone\/article?id=10.1371\/journal.pone.0182838<\/a><br \/>\n<a href=\"https:\/\/pmc.ncbi.nlm.nih.gov\/articles\/PMC7163232\/\" rel=\"nofollow noopener\" target=\"_blank\">https:\/\/pmc.ncbi.nlm.nih.gov\/articles\/PMC7163232\/<\/a><\/p>\n","protected":false},"excerpt":{"rendered":"<p>Comprim\u00e9s Tenvir EM Tenvir-EM, fabriqu\u00e9 par Cipla Pharmaceuticals Ltd., appartient \u00e0 un groupe de m\u00e9dicaments appel\u00e9s antir\u00e9troviraux, utilis\u00e9s efficacement pour<\/p>\n","protected":false},"featured_media":84597,"comment_status":"open","ping_status":"closed","template":"","meta":[],"product_brand":[3147],"product_cat":[6419],"product_tag":[],"class_list":{"0":"post-41304","1":"product","2":"type-product","3":"status-publish","4":"has-post-thumbnail","6":"product_brand-cipla-ltd","7":"product_cat-uncategorized-fr","8":"pa_brand-name-tenvir-em","9":"pa_molecule-emtricitabine","10":"pa_molecule-tenofovir-disoproxil-fumarate","12":"first","13":"instock","14":"sale","15":"shipping-taxable","16":"purchasable","17":"product-type-simple"},"_links":{"self":[{"href":"https:\/\/indogenmed.org\/fr\/wp-json\/wp\/v2\/product\/41304","targetHints":{"allow":["GET"]}}],"collection":[{"href":"https:\/\/indogenmed.org\/fr\/wp-json\/wp\/v2\/product"}],"about":[{"href":"https:\/\/indogenmed.org\/fr\/wp-json\/wp\/v2\/types\/product"}],"replies":[{"embeddable":true,"href":"https:\/\/indogenmed.org\/fr\/wp-json\/wp\/v2\/comments?post=41304"}],"version-history":[{"count":2,"href":"https:\/\/indogenmed.org\/fr\/wp-json\/wp\/v2\/product\/41304\/revisions"}],"predecessor-version":[{"id":77365,"href":"https:\/\/indogenmed.org\/fr\/wp-json\/wp\/v2\/product\/41304\/revisions\/77365"}],"wp:featuredmedia":[{"embeddable":true,"href":"https:\/\/indogenmed.org\/fr\/wp-json\/wp\/v2\/media\/84597"}],"wp:attachment":[{"href":"https:\/\/indogenmed.org\/fr\/wp-json\/wp\/v2\/media?parent=41304"}],"wp:term":[{"taxonomy":"product_brand","embeddable":true,"href":"https:\/\/indogenmed.org\/fr\/wp-json\/wp\/v2\/product_brand?post=41304"},{"taxonomy":"product_cat","embeddable":true,"href":"https:\/\/indogenmed.org\/fr\/wp-json\/wp\/v2\/product_cat?post=41304"},{"taxonomy":"product_tag","embeddable":true,"href":"https:\/\/indogenmed.org\/fr\/wp-json\/wp\/v2\/product_tag?post=41304"}],"curies":[{"name":"wp","href":"https:\/\/api.w.org\/{rel}","templated":true}]}}